{"id":10,"date":"2018-08-13T12:25:30","date_gmt":"2018-08-13T12:25:30","guid":{"rendered":"http:\/\/scherf-steuerberatung.de\/?page_id=10"},"modified":"2018-09-11T09:32:10","modified_gmt":"2018-09-11T07:32:10","slug":"leistungen","status":"publish","type":"page","link":"https:\/\/scherf-steuerberatung.de\/?page_id=10","title":{"rendered":"Leistungen"},"content":{"rendered":"<p>Meine Kanzlei bietet ein umfassendes Leistungsangebot an. Ob f\u00fcr Privatperson oder f\u00fcr Unternehmer, in Steuerfragen stehen meine Mitarbeiter und ich als kompetente Ansprechpartner stets zur Seite. Die Kanzlei vertritt ihre Mandanten gegen\u00fcber Finanzbeh\u00f6rden und steht bei der Erledigung von steuerlichen Angelegenheiten, bei der Optimierung der individuellen Steuerbelastung, bei der Organisation des Rechnungswesens und allgemeinen Fragen, die sich im Zusammenhang mit der jeweiligen beauftragten T\u00e4tigkeit ergeben, hilfreich zur Seite.<\/p>\n<p>Die Kanzlei ist f\u00fcr Privatpersonen, f\u00fcr private Vermieter, f\u00fcr Freiberufler (z.B. \u00c4rzte, weitere Heilberufe, Ingenieure, Rechtsanw\u00e4lte, \u2026) und f\u00fcr Gewerbetreibende (Handel, Handwerk, Dienstleistungen) t\u00e4tig. Betreut werden nat\u00fcrliche Personen \/ Einzelunternehmen, Grundst\u00fccksgemeinschaften, Erbengemeinschaften, Personengesellschaften (GbR, KG, OHG, Partnerschaftsgesellschaften) und juristische Personen, insbesondere in der Rechtsform der GmbH.<\/p>\n<p>Nachfolgende Leistungen werden angeboten:<\/p>\n<ul>\n<li><a href=\"http:\/\/scherf-steuerberatung.de\/?page_id=27\">Steuererkl\u00e4rungen<\/a><\/li>\n<li><a href=\"http:\/\/scherf-steuerberatung.de\/?page_id=28\">Gehaltsabrechnungen<\/a><\/li>\n<li><a href=\"http:\/\/scherf-steuerberatung.de\/?page_id=29\">Finanzbuchhaltung<\/a><\/li>\n<li><a href=\"http:\/\/scherf-steuerberatung.de\/?page_id=30\">Betriebswirtschaftliche Beratung<\/a><\/li>\n<li><a href=\"http:\/\/scherf-steuerberatung.de\/?page_id=31\">Jahresabschluss<\/a><\/li>\n<\/ul>\n<p>&nbsp;<\/p>\n","protected":false},"excerpt":{"rendered":"<p>Meine Kanzlei bietet ein umfassendes Leistungsangebot an. Ob f\u00fcr Privatperson oder f\u00fcr Unternehmer, in Steuerfragen stehen meine Mitarbeiter und ich als kompetente Ansprechpartner stets zur Seite. Die Kanzlei vertritt ihre Mandanten gegen\u00fcber Finanzbeh\u00f6rden und steht bei der Erledigung von steuerlichen Angelegenheiten, bei der Optimierung der individuellen Steuerbelastung, bei der Organisation&#8230;<\/p>\n","protected":false},"author":1,"featured_media":0,"parent":0,"menu_order":0,"comment_status":"closed","ping_status":"closed","template":"","meta":[],"_links":{"self":[{"href":"https:\/\/scherf-steuerberatung.de\/index.php?rest_route=\/wp\/v2\/pages\/10"}],"collection":[{"href":"https:\/\/scherf-steuerberatung.de\/index.php?rest_route=\/wp\/v2\/pages"}],"about":[{"href":"https:\/\/scherf-steuerberatung.de\/index.php?rest_route=\/wp\/v2\/types\/page"}],"author":[{"embeddable":true,"href":"https:\/\/scherf-steuerberatung.de\/index.php?rest_route=\/wp\/v2\/users\/1"}],"replies":[{"embeddable":true,"href":"https:\/\/scherf-steuerberatung.de\/index.php?rest_route=%2Fwp%2Fv2%2Fcomments&post=10"}],"version-history":[{"count":5,"href":"https:\/\/scherf-steuerberatung.de\/index.php?rest_route=\/wp\/v2\/pages\/10\/revisions"}],"predecessor-version":[{"id":363,"href":"https:\/\/scherf-steuerberatung.de\/index.php?rest_route=\/wp\/v2\/pages\/10\/revisions\/363"}],"wp:attachment":[{"href":"https:\/\/scherf-steuerberatung.de\/index.php?rest_route=%2Fwp%2Fv2%2Fmedia&parent=10"}],"curies":[{"name":"wp","href":"https:\/\/api.w.org\/{rel}","templated":true}]}}