{"id":16,"date":"2018-08-13T12:28:27","date_gmt":"2018-08-13T12:28:27","guid":{"rendered":"http:\/\/scherf-steuerberatung.de\/?page_id=16"},"modified":"2018-08-14T15:21:48","modified_gmt":"2018-08-14T13:21:48","slug":"startseite","status":"publish","type":"page","link":"https:\/\/scherf-steuerberatung.de\/","title":{"rendered":"Startseite"},"content":{"rendered":"<p>Herzlich Willkommen auf der Homepage der Steuerberaterpraxis Armin Scherf.<\/p>\n<p>Die Kanzlei befindet sich im Norden Frankfurts und bietet ein breites Dienstleistungsangebot im Bereich der klassischen Steuerberatung an.<\/p>\n<p>Aufgrund langj\u00e4hriger Erfahrung, gewachsener Strukturen und stets\u00a0aktuellem Wissensstand sind meine Mandanten in meiner Kanzlei gut aufgehoben.<\/p>\n<p>Gemeinsam mit meinen qualifizierten Mitarbeitern und Kooperationspartnern stehe ich stets bei Anliegen und Fragen tatkr\u00e4ftig zur Seite.<\/p>\n<p>Die pers\u00f6nliche Beratung, die individuelle Betreuung und die Zufriedenheit meiner Mandanten sind mir ein wichtiges Anliegen.<\/p>\n<p>Ein gutes Vertrauensverh\u00e4ltnis stellt in meiner Kanzlei eine Grundvoraussetzung f\u00fcr eine erfolgreiche und langfristige Zusammenarbeit dar.<\/p>\n<p>Gerne k\u00f6nnen Sie sich in einem pers\u00f6nlichen Gespr\u00e4ch davon \u00fcberzeugen, ob die Kanzlei auch Sie bei Ihren steuerlichen Anliegen unterst\u00fctzen kann.<\/p>\n<p>&nbsp;<\/p>\n","protected":false},"excerpt":{"rendered":"<p>Herzlich Willkommen auf der Homepage der Steuerberaterpraxis Armin Scherf. Die Kanzlei befindet sich im Norden Frankfurts und bietet ein breites Dienstleistungsangebot im Bereich der klassischen Steuerberatung an. Aufgrund langj\u00e4hriger Erfahrung, gewachsener Strukturen und stets\u00a0aktuellem Wissensstand sind meine Mandanten in meiner Kanzlei gut aufgehoben. Gemeinsam mit meinen qualifizierten Mitarbeitern und Kooperationspartnern&#8230;<\/p>\n","protected":false},"author":1,"featured_media":0,"parent":0,"menu_order":0,"comment_status":"closed","ping_status":"closed","template":"","meta":[],"_links":{"self":[{"href":"https:\/\/scherf-steuerberatung.de\/index.php?rest_route=\/wp\/v2\/pages\/16"}],"collection":[{"href":"https:\/\/scherf-steuerberatung.de\/index.php?rest_route=\/wp\/v2\/pages"}],"about":[{"href":"https:\/\/scherf-steuerberatung.de\/index.php?rest_route=\/wp\/v2\/types\/page"}],"author":[{"embeddable":true,"href":"https:\/\/scherf-steuerberatung.de\/index.php?rest_route=\/wp\/v2\/users\/1"}],"replies":[{"embeddable":true,"href":"https:\/\/scherf-steuerberatung.de\/index.php?rest_route=%2Fwp%2Fv2%2Fcomments&post=16"}],"version-history":[{"count":5,"href":"https:\/\/scherf-steuerberatung.de\/index.php?rest_route=\/wp\/v2\/pages\/16\/revisions"}],"predecessor-version":[{"id":203,"href":"https:\/\/scherf-steuerberatung.de\/index.php?rest_route=\/wp\/v2\/pages\/16\/revisions\/203"}],"wp:attachment":[{"href":"https:\/\/scherf-steuerberatung.de\/index.php?rest_route=%2Fwp%2Fv2%2Fmedia&parent=16"}],"curies":[{"name":"wp","href":"https:\/\/api.w.org\/{rel}","templated":true}]}}