{"id":22,"date":"2018-08-13T12:45:26","date_gmt":"2018-08-13T12:45:26","guid":{"rendered":"http:\/\/scherf-steuerberatung.de\/?page_id=22"},"modified":"2018-08-17T09:19:10","modified_gmt":"2018-08-17T07:19:10","slug":"gebuehren","status":"publish","type":"page","link":"https:\/\/scherf-steuerberatung.de\/?page_id=22","title":{"rendered":"Geb\u00fchren"},"content":{"rendered":"<p><span style=\"color: #0000ff;\">Geb\u00fchren<\/span><\/p>\n<p>In meiner Kanzlei wird auf ein hohes Qualit\u00e4tsniveau Wert gelegt, gleichzeitig achte ich auf ein angemessenes Preis-\/Leistungsverh\u00e4ltnis im Rahmen der gesetzlichen Steuerberaterverg\u00fctungsverordnung (StBVV).<\/p>\n<p>Grunds\u00e4tzlich richten sich die Geb\u00fchren gem\u00e4\u00df \u00a7 11 StBVV nach<\/p>\n<p>1. der Bedeutung der Angelegenheit,<br \/>\n2. dem Umfang,<br \/>\n3. der Schwierigkeit der beruflichen T\u00e4tigkeit.<\/p>\n<p>Die Geb\u00fchren werden als Wertgeb\u00fchr oder als Zeitgeb\u00fchr erhoben. Im Regelfall ist bei der Findung der angemessenen Geb\u00fchr von der Mittelgeb\u00fchr auszugehen.<br \/>\nIn vielen F\u00e4llen findet in meiner Kanzlei auch noch die Mindestgeb\u00fchr Anwendung.<\/p>\n","protected":false},"excerpt":{"rendered":"<p>Geb\u00fchren In meiner Kanzlei wird auf ein hohes Qualit\u00e4tsniveau Wert gelegt, gleichzeitig achte ich auf ein angemessenes Preis-\/Leistungsverh\u00e4ltnis im Rahmen der gesetzlichen Steuerberaterverg\u00fctungsverordnung (StBVV). Grunds\u00e4tzlich richten sich die Geb\u00fchren gem\u00e4\u00df \u00a7 11 StBVV nach 1. der Bedeutung der Angelegenheit, 2. dem Umfang, 3. der Schwierigkeit der beruflichen T\u00e4tigkeit. Die Geb\u00fchren&#8230;<\/p>\n","protected":false},"author":1,"featured_media":0,"parent":0,"menu_order":0,"comment_status":"closed","ping_status":"closed","template":"","meta":[],"_links":{"self":[{"href":"https:\/\/scherf-steuerberatung.de\/index.php?rest_route=\/wp\/v2\/pages\/22"}],"collection":[{"href":"https:\/\/scherf-steuerberatung.de\/index.php?rest_route=\/wp\/v2\/pages"}],"about":[{"href":"https:\/\/scherf-steuerberatung.de\/index.php?rest_route=\/wp\/v2\/types\/page"}],"author":[{"embeddable":true,"href":"https:\/\/scherf-steuerberatung.de\/index.php?rest_route=\/wp\/v2\/users\/1"}],"replies":[{"embeddable":true,"href":"https:\/\/scherf-steuerberatung.de\/index.php?rest_route=%2Fwp%2Fv2%2Fcomments&post=22"}],"version-history":[{"count":5,"href":"https:\/\/scherf-steuerberatung.de\/index.php?rest_route=\/wp\/v2\/pages\/22\/revisions"}],"predecessor-version":[{"id":318,"href":"https:\/\/scherf-steuerberatung.de\/index.php?rest_route=\/wp\/v2\/pages\/22\/revisions\/318"}],"wp:attachment":[{"href":"https:\/\/scherf-steuerberatung.de\/index.php?rest_route=%2Fwp%2Fv2%2Fmedia&parent=22"}],"curies":[{"name":"wp","href":"https:\/\/api.w.org\/{rel}","templated":true}]}}