{"id":23,"date":"2018-08-13T12:45:26","date_gmt":"2018-08-13T12:45:26","guid":{"rendered":"http:\/\/scherf-steuerberatung.de\/?page_id=23"},"modified":"2018-08-15T08:50:09","modified_gmt":"2018-08-15T06:50:09","slug":"mitarbeiter","status":"publish","type":"page","link":"https:\/\/scherf-steuerberatung.de\/?page_id=23","title":{"rendered":"Mitarbeiter"},"content":{"rendered":"<p><span style=\"color: #3366ff;\">Mitarbeiterin<\/span><\/p>\n<p>Frau Tanja Scherf<\/p>\n<p><em>Berufliche Qualifikationen<\/em><\/p>\n<p>Bilanzbuchhalterin (IHK)<\/p>\n<p>Abschluss der Ausbildung zur Steuerfachangestellten<\/p>\n<p>&nbsp;<\/p>\n<p><span style=\"color: #3366ff;\">Mitarbeiter<\/span><\/p>\n<p>Herr Ralf Wolfarth<\/p>\n<p><em>Berufliche Qualifikationen<\/em><\/p>\n<p>Bilanzbuchhalter (IHK)<\/p>\n<p>Abschluss der Ausbildung zum Steuerfachangestellten<\/p>\n<p>&nbsp;<\/p>\n<p><span style=\"color: #3366ff;\">Mitarbeiterin<\/span><\/p>\n<p>Frau Claudia Seiffert<\/p>\n<p><em>Berufliche Qualifikationen<\/em><\/p>\n<p>Fachanw\u00e4ltin f\u00fcr Steuerrecht<\/p>\n<p>Rechtsanw\u00e4ltin<\/p>\n<p>Abschluss der Ausbildung zur Steuerfachangestellten<\/p>\n","protected":false},"excerpt":{"rendered":"<p>Mitarbeiterin Frau Tanja Scherf Berufliche Qualifikationen Bilanzbuchhalterin (IHK) Abschluss der Ausbildung zur Steuerfachangestellten &nbsp; Mitarbeiter Herr Ralf Wolfarth Berufliche Qualifikationen Bilanzbuchhalter (IHK) Abschluss der Ausbildung zum Steuerfachangestellten &nbsp; Mitarbeiterin Frau Claudia Seiffert Berufliche Qualifikationen Fachanw\u00e4ltin f\u00fcr Steuerrecht Rechtsanw\u00e4ltin Abschluss der Ausbildung zur Steuerfachangestellten<\/p>\n","protected":false},"author":1,"featured_media":0,"parent":0,"menu_order":0,"comment_status":"closed","ping_status":"closed","template":"","meta":[],"_links":{"self":[{"href":"https:\/\/scherf-steuerberatung.de\/index.php?rest_route=\/wp\/v2\/pages\/23"}],"collection":[{"href":"https:\/\/scherf-steuerberatung.de\/index.php?rest_route=\/wp\/v2\/pages"}],"about":[{"href":"https:\/\/scherf-steuerberatung.de\/index.php?rest_route=\/wp\/v2\/types\/page"}],"author":[{"embeddable":true,"href":"https:\/\/scherf-steuerberatung.de\/index.php?rest_route=\/wp\/v2\/users\/1"}],"replies":[{"embeddable":true,"href":"https:\/\/scherf-steuerberatung.de\/index.php?rest_route=%2Fwp%2Fv2%2Fcomments&post=23"}],"version-history":[{"count":5,"href":"https:\/\/scherf-steuerberatung.de\/index.php?rest_route=\/wp\/v2\/pages\/23\/revisions"}],"predecessor-version":[{"id":163,"href":"https:\/\/scherf-steuerberatung.de\/index.php?rest_route=\/wp\/v2\/pages\/23\/revisions\/163"}],"wp:attachment":[{"href":"https:\/\/scherf-steuerberatung.de\/index.php?rest_route=%2Fwp%2Fv2%2Fmedia&parent=23"}],"curies":[{"name":"wp","href":"https:\/\/api.w.org\/{rel}","templated":true}]}}