{"id":24,"date":"2018-08-13T12:45:26","date_gmt":"2018-08-13T12:45:26","guid":{"rendered":"http:\/\/scherf-steuerberatung.de\/?page_id=24"},"modified":"2018-08-15T11:33:25","modified_gmt":"2018-08-15T09:33:25","slug":"mitgliedschaften","status":"publish","type":"page","link":"https:\/\/scherf-steuerberatung.de\/?page_id=24","title":{"rendered":"Mitgliedschaften"},"content":{"rendered":"<p><span style=\"color: #0000ff;\">Mitgliedschaften<\/span><\/p>\n<p><strong>Steuerberaterkammer Hessen<\/strong><br \/>\nDie Steuerberaterkammer Hessen ist die berufliche Selbstverwaltung f\u00fcr alle in Hessen niedergelassenen Steuerberater\/innen. Als K\u00f6rperschaft des \u00f6ffentlichen Rechts nimmt sie die ihr durch Gesetz \u00fcbertragenen Aufgaben wahr und vertritt die beruflichen Interessen ihrer Mitglieder.<\/p>\n<p><img decoding=\"async\" loading=\"lazy\" class=\"alignleft wp-image-245\" src=\"http:\/\/scherf-steuerberatung.de\/wp-content\/uploads\/2018\/08\/StBk.jpg\" alt=\"\" width=\"206\" height=\"105\" \/><\/p>\n<p>&nbsp;<\/p>\n<p>&nbsp;<\/p>\n<p>&nbsp;<\/p>\n<p><a href=\"http:\/\/www.stbk-hessen.de\/\">www.stbk-hessen.de<\/a><\/p>\n<p>&nbsp;<\/p>\n<p><strong>DATEV eG<\/strong><br \/>\nAls genossenschaftliches Unternehmen der Angeh\u00f6rigen der steuer- und rechtsberatenden sowie der wirtschaftspr\u00fcfenden Berufe unterst\u00fctzt die DATEV eG ihre Mitglieder bei deren Berufst\u00e4tigkeit mit allen Leistungen insbesondere zur Nutzung der Datenverarbeitungs-, Informations- und Kommunikationstechnik.<\/p>\n<p>&nbsp;<\/p>\n<p><img decoding=\"async\" loading=\"lazy\" class=\"alignleft wp-image-247\" src=\"http:\/\/scherf-steuerberatung.de\/wp-content\/uploads\/2018\/08\/DATEV.png\" alt=\"\" width=\"162\" height=\"121\" \/><\/p>\n<p>&nbsp;<\/p>\n<p>&nbsp;<\/p>\n<p>&nbsp;<\/p>\n<p>&nbsp;<\/p>\n<p><a href=\"http:\/\/www.datev.de\/\">www.datev.de<\/a><\/p>\n<p>&nbsp;<\/p>\n<p><strong>Steuerberaterverband e.V.<\/strong><br \/>\nDer Steuerberaterverband Hessen ist ein\u00a0freiwilliger Zusammenschluss der steuerberatenden und wirtschaftspr\u00fcfenden Berufe in Hessen.<br \/>\nMit seiner Akademie bietet der Steuerberaterverband ein umfassendes Weiterbildungsangebot.<\/p>\n<p>&nbsp;<\/p>\n<p><img decoding=\"async\" loading=\"lazy\" class=\"alignleft wp-image-248\" src=\"http:\/\/scherf-steuerberatung.de\/wp-content\/uploads\/2018\/08\/StV.png\" alt=\"\" width=\"221\" height=\"115\" srcset=\"https:\/\/scherf-steuerberatung.de\/wp-content\/uploads\/2018\/08\/StV.png 351w, https:\/\/scherf-steuerberatung.de\/wp-content\/uploads\/2018\/08\/StV-300x156.png 300w, https:\/\/scherf-steuerberatung.de\/wp-content\/uploads\/2018\/08\/StV-350x183.png 350w\" sizes=\"(max-width: 221px) 100vw, 221px\" \/><\/p>\n<p>&nbsp;<\/p>\n<p>&nbsp;<\/p>\n<p>&nbsp;<\/p>\n<p>&nbsp;<\/p>\n<p><a href=\"http:\/\/www.stbverband-hessen.de\/\">www.stbverband-hessen.de<\/a><\/p>\n","protected":false},"excerpt":{"rendered":"<p>Mitgliedschaften Steuerberaterkammer Hessen Die Steuerberaterkammer Hessen ist die berufliche Selbstverwaltung f\u00fcr alle in Hessen niedergelassenen Steuerberater\/innen. Als K\u00f6rperschaft des \u00f6ffentlichen Rechts nimmt sie die ihr durch Gesetz \u00fcbertragenen Aufgaben wahr und vertritt die beruflichen Interessen ihrer Mitglieder. &nbsp; &nbsp; &nbsp; www.stbk-hessen.de &nbsp; DATEV eG Als genossenschaftliches Unternehmen der Angeh\u00f6rigen der&#8230;<\/p>\n","protected":false},"author":1,"featured_media":0,"parent":0,"menu_order":0,"comment_status":"closed","ping_status":"closed","template":"","meta":[],"_links":{"self":[{"href":"https:\/\/scherf-steuerberatung.de\/index.php?rest_route=\/wp\/v2\/pages\/24"}],"collection":[{"href":"https:\/\/scherf-steuerberatung.de\/index.php?rest_route=\/wp\/v2\/pages"}],"about":[{"href":"https:\/\/scherf-steuerberatung.de\/index.php?rest_route=\/wp\/v2\/types\/page"}],"author":[{"embeddable":true,"href":"https:\/\/scherf-steuerberatung.de\/index.php?rest_route=\/wp\/v2\/users\/1"}],"replies":[{"embeddable":true,"href":"https:\/\/scherf-steuerberatung.de\/index.php?rest_route=%2Fwp%2Fv2%2Fcomments&post=24"}],"version-history":[{"count":7,"href":"https:\/\/scherf-steuerberatung.de\/index.php?rest_route=\/wp\/v2\/pages\/24\/revisions"}],"predecessor-version":[{"id":263,"href":"https:\/\/scherf-steuerberatung.de\/index.php?rest_route=\/wp\/v2\/pages\/24\/revisions\/263"}],"wp:attachment":[{"href":"https:\/\/scherf-steuerberatung.de\/index.php?rest_route=%2Fwp%2Fv2%2Fmedia&parent=24"}],"curies":[{"name":"wp","href":"https:\/\/api.w.org\/{rel}","templated":true}]}}