{"id":27,"date":"2018-08-13T12:45:26","date_gmt":"2018-08-13T12:45:26","guid":{"rendered":"http:\/\/scherf-steuerberatung.de\/?page_id=27"},"modified":"2018-08-14T16:52:29","modified_gmt":"2018-08-14T14:52:29","slug":"steuererklaerungen","status":"publish","type":"page","link":"https:\/\/scherf-steuerberatung.de\/?page_id=27","title":{"rendered":"Steuererkl\u00e4rungen"},"content":{"rendered":"<p><span style=\"color: #0000ff;\">Private und betriebliche Steuererk\u00e4rungen<\/span><\/p>\n<ul>\n<li>Einkommensteuererkl\u00e4rung<\/li>\n<li>Feststellungserkl\u00e4rung<\/li>\n<li>Antrag auf Lohnsteuer-Erm\u00e4\u00dfigung<\/li>\n<li>K\u00f6rperschaftsteuererkl\u00e4rung<\/li>\n<li>Gewerbe- und Umsatzsteuererkl\u00e4rung<\/li>\n<li>Erbschaftsteuererkl\u00e4rung<\/li>\n<li>Schenkungssteuererkl\u00e4rung<\/li>\n<li>Fristverl\u00e4ngerungsantr\u00e4ge<\/li>\n<li>Kommunikation mit den betroffenen Beh\u00f6rden<\/li>\n<li>Pr\u00fcfung der Steuerbescheide<\/li>\n<li>Rechtsbehelfsverfahren gegen unrichtige Bescheide<\/li>\n<li>\u00c4nderungsantr\u00e4ge<\/li>\n<li>Steuerrechtliche Mitwirkung bei der Gestaltung von Gesellschaftsvertr\u00e4gen<\/li>\n<li>Steuerbelastungsvergleiche<\/li>\n<li>Vertretung und Unterst\u00fctzung bei Betriebspr\u00fcfungen<\/li>\n<\/ul>\n","protected":false},"excerpt":{"rendered":"<p>Private und betriebliche Steuererk\u00e4rungen Einkommensteuererkl\u00e4rung Feststellungserkl\u00e4rung Antrag auf Lohnsteuer-Erm\u00e4\u00dfigung K\u00f6rperschaftsteuererkl\u00e4rung Gewerbe- und Umsatzsteuererkl\u00e4rung Erbschaftsteuererkl\u00e4rung Schenkungssteuererkl\u00e4rung Fristverl\u00e4ngerungsantr\u00e4ge Kommunikation mit den betroffenen Beh\u00f6rden Pr\u00fcfung der Steuerbescheide Rechtsbehelfsverfahren gegen unrichtige Bescheide \u00c4nderungsantr\u00e4ge Steuerrechtliche Mitwirkung bei der Gestaltung von Gesellschaftsvertr\u00e4gen Steuerbelastungsvergleiche Vertretung und Unterst\u00fctzung bei Betriebspr\u00fcfungen<\/p>\n","protected":false},"author":1,"featured_media":0,"parent":0,"menu_order":0,"comment_status":"closed","ping_status":"closed","template":"","meta":[],"_links":{"self":[{"href":"https:\/\/scherf-steuerberatung.de\/index.php?rest_route=\/wp\/v2\/pages\/27"}],"collection":[{"href":"https:\/\/scherf-steuerberatung.de\/index.php?rest_route=\/wp\/v2\/pages"}],"about":[{"href":"https:\/\/scherf-steuerberatung.de\/index.php?rest_route=\/wp\/v2\/types\/page"}],"author":[{"embeddable":true,"href":"https:\/\/scherf-steuerberatung.de\/index.php?rest_route=\/wp\/v2\/users\/1"}],"replies":[{"embeddable":true,"href":"https:\/\/scherf-steuerberatung.de\/index.php?rest_route=%2Fwp%2Fv2%2Fcomments&post=27"}],"version-history":[{"count":4,"href":"https:\/\/scherf-steuerberatung.de\/index.php?rest_route=\/wp\/v2\/pages\/27\/revisions"}],"predecessor-version":[{"id":210,"href":"https:\/\/scherf-steuerberatung.de\/index.php?rest_route=\/wp\/v2\/pages\/27\/revisions\/210"}],"wp:attachment":[{"href":"https:\/\/scherf-steuerberatung.de\/index.php?rest_route=%2Fwp%2Fv2%2Fmedia&parent=27"}],"curies":[{"name":"wp","href":"https:\/\/api.w.org\/{rel}","templated":true}]}}